{"id":44,"date":"2024-10-29T19:21:32","date_gmt":"2024-10-29T19:21:32","guid":{"rendered":"https:\/\/cerama.com.br\/novo\/index.php\/mesmerize\/"},"modified":"2024-11-01T12:01:27","modified_gmt":"2024-11-01T12:01:27","slug":"mesmerize","status":"publish","type":"page","link":"https:\/\/cerama.com.br\/novo\/","title":{"rendered":"Front Page"},"content":{"rendered":"<div  id=\"content-13\" style=\"background-color: #f5fafd;\" data-label=\"Content\" data-id=\"content-2\" data-export-id=\"content-2\" data-category=\"content\" class=\"content-2 content-section content-section-spacing\"><div  class=\"gridContainer\"> <div  class=\"row middle-xs\"><div  class=\"col-sm-5 bg-image shadow-large-black\" data-bg=\"image\" style=\"background-image: url(&quot;https:\/\/cerama.com.br\/novo\/wp-content\/uploads\/2024\/11\/cropped-media_20241101_085015_5416414149654445122-1.jpg&quot;);\"><\/div> <div  class=\"col-sm-7 full-col-left-padding full-col-right-padding\"> <div  class=\"row\"> <div  data-type=\"column\" class=\"space-bottom-small content-title-col content-right-sm\">  <h2  class=\"\" data-listener-added_a63f4a07=\"true\" style=\"border-bottom-color: rgb(70, 183, 41);\">FROTA<\/h2> <p  class=\"\" data-listener-added_a63f4a07=\"true\">Com uma frota de mais de cem cavalos-m\u00e1quinas, pode atender a demanda do mercado, garantir e assegurar o funcionamento normal e durabilidade de seus ve\u00edculos, al\u00e9m de realizar manuten\u00e7\u00f5es preventivas e corretivas quando necess\u00e1rio<\/p><\/div> <\/div> <div  class=\"row spaced-cols content-right-sm end-sm\" data-type=\"row\">    <div  class=\"col-xs-6\" data-type=\"column\"><a class=\"button blue\" href=\"https:\/\/cerama.com.br\/novo\/index.php\/2024\/10\/29\/conheca-nossa-frota\" target=\"_self\" data-cp-link=\"1\" rel=\"noopener\">FROTA<\/a> <\/div> <\/div><\/div> <\/div><\/div> <\/div><div  id=\"content-14\" style=\"background-color: #ffffff;\" data-label=\"Content\" data-id=\"content-3\" data-export-id=\"content-3\" data-category=\"content\" class=\"content-3 content-section content-section-spacing\"><div  class=\"gridContainer\"> <div  class=\"row middle-xs\"><div  class=\"col-sm-7 full-col-left-padding full-col-right-padding\"> <div  class=\"row\"><div  data-type=\"column\" class=\"space-bottom-small content-title-col\">  <h2  class=\"\" data-listener-added_a63f4a07=\"true\" style=\"border-bottom-color: rgb(62, 190, 44);\">\u00c1REA DE ATUA\u00c7\u00c3O<\/h2> <p  class=\"\" data-listener-added_a63f4a07=\"true\">Atuando h\u00e1 50 anos na cidade de Fortaleza \u2013 CE, a Cerama atende de maneira r\u00e1pida as regi\u00f5es Norte e Nordeste do pa\u00eds. Conta tamb\u00e9m com uma filial na cidade de Candeias \u2013 BA de onde presta servi\u00e7os para as regi\u00f5es Centro-Oeste, Sudeste e Sul do pa\u00eds.<\/p><a class=\"button blue\" href=\"https:\/\/cerama.com.br\/novo\/index.php\/2024\/10\/29\/conheca-nossa-frota\" target=\"_self\" data-cp-link=\"1\" rel=\"noopener\">ATUA\u00c7\u00c3O<\/a><\/div> <\/div> <div  class=\"row spaced-cols\" data-type=\"row\">   <div  class=\"col-xs-6\" data-type=\"column\"> <\/div>  <\/div><\/div> <div  class=\"col-sm-5 bg-image shadow-large-black revert-classes-holder\" data-bg=\"image\" style=\"background-image: url(&quot;https:\/\/cerama.com.br\/novo\/wp-content\/uploads\/2024\/10\/cropped-WhatsApp-Image-2021-08-27-at-16.15.43.jpeg&quot;);\"><\/div><\/div> <\/div><\/div><div  id=\"contact-1\" data-label=\"Contact\" data-id=\"contact-1\" data-export-id=\"contact-1\" data-category=\"contact\" class=\"contact-1 content-section content-section-spacing white-text\" data-parallax-depth=\"20\"><div  class=\"gridContainer\"> <div  class=\"row text-center\"><div  class=\"section-title-col\" data-type=\"column\"> <h2  class=\"\" data-listener-added_a63f4a07=\"true\" style=\"border-bottom-color: rgb(41, 184, 41);\">Fale conosco<\/h2> <\/div> <\/div> <div  class=\"row text-center\"> <div  class=\"col-xs-12 col-sm-8 col-sm-offset-2 contact-form-wrapper inline-info\"> <div  class=\"card large-padding\"> <div  class=\"\" data-content-shortcode=\"mesmerize_contact_form shortcode=&quot;wpforms id=&amp;amp;quot;133&amp;amp;quot;&quot;\" data-editable=\"true\">[wpforms id=\"133\"]<\/div><\/div> <\/div><\/div> <\/div><\/div>","protected":false},"excerpt":{"rendered":"<p>FROTA Com uma frota de mais de cem cavalos-m\u00e1quinas, pode atender a demanda do mercado, garantir e assegurar o funcionamento normal e durabilidade de seus ve\u00edculos, al\u00e9m de realizar manuten\u00e7\u00f5es preventivas e corretivas quando necess\u00e1rio FROTA \u00c1REA DE ATUA\u00c7\u00c3O Atuando h\u00e1 50 anos na cidade de Fortaleza \u2013 CE, a Cerama atende de maneira r\u00e1pida&hellip; <br \/> <a class=\"read-more\" href=\"https:\/\/cerama.com.br\/novo\/\">Leia mais<\/a><\/p>\n","protected":false},"author":1,"featured_media":0,"parent":0,"menu_order":0,"comment_status":"closed","ping_status":"closed","template":"page-templates\/homepage.php","meta":{"footnotes":""},"class_list":["post-44","page","type-page","status-publish","hentry"],"_links":{"self":[{"href":"https:\/\/cerama.com.br\/novo\/index.php?rest_route=\/wp\/v2\/pages\/44","targetHints":{"allow":["GET"]}}],"collection":[{"href":"https:\/\/cerama.com.br\/novo\/index.php?rest_route=\/wp\/v2\/pages"}],"about":[{"href":"https:\/\/cerama.com.br\/novo\/index.php?rest_route=\/wp\/v2\/types\/page"}],"author":[{"embeddable":true,"href":"https:\/\/cerama.com.br\/novo\/index.php?rest_route=\/wp\/v2\/users\/1"}],"replies":[{"embeddable":true,"href":"https:\/\/cerama.com.br\/novo\/index.php?rest_route=%2Fwp%2Fv2%2Fcomments&post=44"}],"version-history":[{"count":11,"href":"https:\/\/cerama.com.br\/novo\/index.php?rest_route=\/wp\/v2\/pages\/44\/revisions"}],"predecessor-version":[{"id":206,"href":"https:\/\/cerama.com.br\/novo\/index.php?rest_route=\/wp\/v2\/pages\/44\/revisions\/206"}],"wp:attachment":[{"href":"https:\/\/cerama.com.br\/novo\/index.php?rest_route=%2Fwp%2Fv2%2Fmedia&parent=44"}],"curies":[{"name":"wp","href":"https:\/\/api.w.org\/{rel}","templated":true}]}}